{"id":2016,"date":"2023-07-04T15:24:24","date_gmt":"2023-07-04T15:24:24","guid":{"rendered":"https:\/\/soluzioneglobale.net\/falanga\/?page_id=2016"},"modified":"2023-09-18T15:23:24","modified_gmt":"2023-09-18T15:23:24","slug":"avviare-unattivita-negli-uae","status":"publish","type":"page","link":"https:\/\/soluzioneglobale.net\/falanga\/avviare-unattivita-negli-uae\/","title":{"rendered":"AVVIARE UN&#8217;ATTIVIT\u00c0 NEGLI UAE"},"content":{"rendered":"\t\t<div data-elementor-type=\"wp-page\" data-elementor-id=\"2016\" class=\"elementor elementor-2016\">\n\t\t\t\t\t\t\t\t\t<section class=\"elementor-section elementor-top-section elementor-element elementor-element-f6c6c7c elementor-section-boxed elementor-section-height-default elementor-section-height-default wpr-particle-no wpr-jarallax-no wpr-parallax-no wpr-sticky-section-no\" data-id=\"f6c6c7c\" data-element_type=\"section\" data-settings=\"{&quot;background_background&quot;:&quot;classic&quot;}\">\n\t\t\t\t\t\t<div class=\"elementor-container elementor-column-gap-no\">\n\t\t\t\t\t<div class=\"elementor-column elementor-col-100 elementor-top-column elementor-element elementor-element-03c152a\" data-id=\"03c152a\" data-element_type=\"column\">\n\t\t\t<div class=\"elementor-widget-wrap\">\n\t\t\t\t\t\t\t\t\t<\/div>\n\t\t<\/div>\n\t\t\t\t\t\t\t<\/div>\n\t\t<\/section>\n\t\t\t\t<section class=\"elementor-section elementor-top-section elementor-element elementor-element-f694035 elementor-section-boxed elementor-section-height-default elementor-section-height-default wpr-particle-no wpr-jarallax-no wpr-parallax-no wpr-sticky-section-no\" data-id=\"f694035\" data-element_type=\"section\" data-settings=\"{&quot;background_background&quot;:&quot;classic&quot;}\">\n\t\t\t\t\t\t<div class=\"elementor-container elementor-column-gap-no\">\n\t\t\t\t\t<div class=\"elementor-column elementor-col-100 elementor-top-column elementor-element elementor-element-9c6e8cc\" data-id=\"9c6e8cc\" data-element_type=\"column\">\n\t\t\t<div class=\"elementor-widget-wrap elementor-element-populated\">\n\t\t\t\t\t\t\t\t<div class=\"elementor-element elementor-element-06f54ad elementor-widget elementor-widget-heading\" data-id=\"06f54ad\" data-element_type=\"widget\" data-widget_type=\"heading.default\">\n\t\t\t\t<div class=\"elementor-widget-container\">\n\t\t\t<style>\/*! elementor - v3.16.0 - 12-09-2023 *\/\n.elementor-heading-title{padding:0;margin:0;line-height:1}.elementor-widget-heading .elementor-heading-title[class*=elementor-size-]>a{color:inherit;font-size:inherit;line-height:inherit}.elementor-widget-heading .elementor-heading-title.elementor-size-small{font-size:15px}.elementor-widget-heading .elementor-heading-title.elementor-size-medium{font-size:19px}.elementor-widget-heading .elementor-heading-title.elementor-size-large{font-size:29px}.elementor-widget-heading .elementor-heading-title.elementor-size-xl{font-size:39px}.elementor-widget-heading .elementor-heading-title.elementor-size-xxl{font-size:59px}<\/style><h1 class=\"elementor-heading-title elementor-size-default\">Avviare un' Attivit\u00e0 negli EAU<\/h1>\t\t<\/div>\n\t\t\t\t<\/div>\n\t\t\t\t\t<\/div>\n\t\t<\/div>\n\t\t\t\t\t\t\t<\/div>\n\t\t<\/section>\n\t\t\t\t<section class=\"elementor-section elementor-top-section elementor-element elementor-element-5f889d6 elementor-section-boxed elementor-section-height-default elementor-section-height-default wpr-particle-no wpr-jarallax-no wpr-parallax-no wpr-sticky-section-no\" data-id=\"5f889d6\" data-element_type=\"section\" data-settings=\"{&quot;background_background&quot;:&quot;classic&quot;}\">\n\t\t\t\t\t\t<div class=\"elementor-container elementor-column-gap-no\">\n\t\t\t\t\t<div class=\"elementor-column elementor-col-50 elementor-top-column elementor-element elementor-element-c0af683\" data-id=\"c0af683\" data-element_type=\"column\">\n\t\t\t<div class=\"elementor-widget-wrap elementor-element-populated\">\n\t\t\t\t\t\t\t\t<div class=\"elementor-element elementor-element-cae79fa elementor-widget__width-initial elementor-widget elementor-widget-text-editor\" data-id=\"cae79fa\" data-element_type=\"widget\" data-widget_type=\"text-editor.default\">\n\t\t\t\t<div class=\"elementor-widget-container\">\n\t\t\t<style>\/*! elementor - v3.16.0 - 12-09-2023 *\/\n.elementor-widget-text-editor.elementor-drop-cap-view-stacked .elementor-drop-cap{background-color:#69727d;color:#fff}.elementor-widget-text-editor.elementor-drop-cap-view-framed .elementor-drop-cap{color:#69727d;border:3px solid;background-color:transparent}.elementor-widget-text-editor:not(.elementor-drop-cap-view-default) .elementor-drop-cap{margin-top:8px}.elementor-widget-text-editor:not(.elementor-drop-cap-view-default) .elementor-drop-cap-letter{width:1em;height:1em}.elementor-widget-text-editor .elementor-drop-cap{float:left;text-align:center;line-height:1;font-size:50px}.elementor-widget-text-editor .elementor-drop-cap-letter{display:inline-block}<\/style>\t\t\t\t<p>Luigi Falanga \u00e8 uno dei principali specialisti in materia di costituzione di imprese negli Emirati Arabi Uniti ed \u00e8 Professional Partener presso l&#8217;International Free Zone Authority &#8211; IFZA, la Free Zone indipendente in pi\u00f9 rapida crescita e di maggior successo negli EAU.<br>Lo STUDIO FALANGA \u00e8 autorizzato a notarizzare ed autenticare i documenti richiesti dall\u2019Authority per la costituzione di una societ\u00e0 o l\u2019apertura di un ufficio di rappresentanza a Dubai. I nostri clienti che devono costituire una societ\u00e0 a Dubai, o rinnovare i documenti di societ\u00e0 gi\u00e0 possedute nella free-zone, potranno concludere l\u2019intero procedimento e firmare i documenti presso i nostri Uffici oppure on line, con un notevole risparmio di costi e di tempo da dedicare all\u2019intera operazione.<br>Lo STUDIO FALANGA negli ultimi 36 anni si \u00e8 occupato della costituzione di societ\u00e0 e del loro sviluppo. <br><br><\/p>\t\t\t\t\t\t<\/div>\n\t\t\t\t<\/div>\n\t\t\t\t\t<\/div>\n\t\t<\/div>\n\t\t\t\t<div class=\"elementor-column elementor-col-50 elementor-top-column elementor-element elementor-element-64b06f0\" data-id=\"64b06f0\" data-element_type=\"column\">\n\t\t\t<div class=\"elementor-widget-wrap elementor-element-populated\">\n\t\t\t\t\t\t\t\t<div class=\"elementor-element elementor-element-578bc2e elementor-widget__width-initial elementor-widget elementor-widget-image\" data-id=\"578bc2e\" data-element_type=\"widget\" data-widget_type=\"image.default\">\n\t\t\t\t<div class=\"elementor-widget-container\">\n\t\t\t<style>\/*! elementor - v3.16.0 - 12-09-2023 *\/\n.elementor-widget-image{text-align:center}.elementor-widget-image a{display:inline-block}.elementor-widget-image a img[src$=\".svg\"]{width:48px}.elementor-widget-image img{vertical-align:middle;display:inline-block}<\/style>\t\t\t\t\t\t\t\t\t\t\t\t<img loading=\"lazy\" decoding=\"async\" width=\"833\" height=\"556\" src=\"https:\/\/soluzioneglobale.net\/falanga\/wp-content\/uploads\/2023\/06\/studio_falanga_005.webp\" class=\"attachment-large size-large wp-image-1629\" alt=\"studio_falanga_005\" srcset=\"https:\/\/soluzioneglobale.net\/falanga\/wp-content\/uploads\/2023\/06\/studio_falanga_005.webp 833w, https:\/\/soluzioneglobale.net\/falanga\/wp-content\/uploads\/2023\/06\/studio_falanga_005-300x200.webp 300w, https:\/\/soluzioneglobale.net\/falanga\/wp-content\/uploads\/2023\/06\/studio_falanga_005-768x513.webp 768w\" sizes=\"auto, (max-width: 833px) 100vw, 833px\" \/>\t\t\t\t\t\t\t\t\t\t\t\t\t\t\t<\/div>\n\t\t\t\t<\/div>\n\t\t\t\t\t<\/div>\n\t\t<\/div>\n\t\t\t\t\t\t\t<\/div>\n\t\t<\/section>\n\t\t<div class=\"elementor-element elementor-element-4d887ac e-flex e-con-boxed wpr-particle-no wpr-jarallax-no wpr-parallax-no wpr-sticky-section-no e-con e-parent\" data-id=\"4d887ac\" data-element_type=\"container\" data-settings=\"{&quot;content_width&quot;:&quot;boxed&quot;}\" data-core-v316-plus=\"true\">\n\t\t\t\t\t<div class=\"e-con-inner\">\n\t\t\t\t<div class=\"elementor-element elementor-element-363acae elementor-widget elementor-widget-text-editor\" data-id=\"363acae\" data-element_type=\"widget\" data-widget_type=\"text-editor.default\">\n\t\t\t\t<div class=\"elementor-widget-container\">\n\t\t\t\t\t\t\t<p>Avendo costituito molte aziende di varie dimensioni, il Team \u00e8 appassionato nell&#8217;aiutare gli imprenditori a realizzare la loro visione aziendale.<br \/>Con una conoscenza approfondita delle attivit\u00e0 commerciali nei mercati del Medio Oriente, lo STUDIO FALANGA sta ora portando la sua esperienza e le sue connessioni negli Emirati Arabi Uniti e sta lavorando con gli investitori desiderosi di entrare in una delle destinazioni commerciali pi\u00f9 dinamiche del mondo.<\/p>\t\t\t\t\t\t<\/div>\n\t\t\t\t<\/div>\n\t\t\t\t\t<\/div>\n\t\t\t\t<\/div>\n\t\t\t\t<section class=\"elementor-section elementor-top-section elementor-element elementor-element-ee54d7b elementor-section-boxed elementor-section-height-default elementor-section-height-default wpr-particle-no wpr-jarallax-no wpr-parallax-no wpr-sticky-section-no\" data-id=\"ee54d7b\" data-element_type=\"section\" data-settings=\"{&quot;background_background&quot;:&quot;classic&quot;}\">\n\t\t\t\t\t\t<div class=\"elementor-container elementor-column-gap-no\">\n\t\t\t\t\t<div class=\"elementor-column elementor-col-100 elementor-top-column elementor-element elementor-element-afc287f\" data-id=\"afc287f\" data-element_type=\"column\">\n\t\t\t<div class=\"elementor-widget-wrap elementor-element-populated\">\n\t\t\t\t\t\t\t\t<div class=\"elementor-element elementor-element-a01fd08 elementor-widget elementor-widget-heading\" data-id=\"a01fd08\" data-element_type=\"widget\" data-widget_type=\"heading.default\">\n\t\t\t\t<div class=\"elementor-widget-container\">\n\t\t\t<h2 class=\"elementor-heading-title elementor-size-default\">La costituzione di una societ\u00e0 negli EAU comporta diverse fasi e considerazioni. <br>Ecco una panoramica<\/h2>\t\t<\/div>\n\t\t\t\t<\/div>\n\t\t\t\t<section class=\"elementor-section elementor-inner-section elementor-element elementor-element-936132b elementor-section-boxed elementor-section-height-default elementor-section-height-default wpr-particle-no wpr-jarallax-no wpr-parallax-no wpr-sticky-section-no\" data-id=\"936132b\" data-element_type=\"section\">\n\t\t\t\t\t\t<div class=\"elementor-container elementor-column-gap-no\">\n\t\t\t\t\t<div class=\"elementor-column elementor-col-50 elementor-inner-column elementor-element elementor-element-d16e9ed\" data-id=\"d16e9ed\" data-element_type=\"column\" data-settings=\"{&quot;background_background&quot;:&quot;classic&quot;}\">\n\t\t\t<div class=\"elementor-widget-wrap elementor-element-populated\">\n\t\t\t\t\t\t\t\t<div class=\"elementor-element elementor-element-a4fd84f elementor-widget elementor-widget-text-editor\" data-id=\"a4fd84f\" data-element_type=\"widget\" data-widget_type=\"text-editor.default\">\n\t\t\t\t<div class=\"elementor-widget-container\">\n\t\t\t\t\t\t\t<p><strong>Attivit\u00e0 Commerciale: <\/strong><br \/>Determinare il tipo di attivit\u00e0 commerciale che si desidera intraprendere a Dubai. Gli EAU offrono diversi settori di attivit\u00e0, tra cui il commercio, i servizi professionali, la produzione e altro ancora. <br \/>Ogni attivit\u00e0 pu\u00f2 avere requisiti e regolamenti specifici.<\/p>\t\t\t\t\t\t<\/div>\n\t\t\t\t<\/div>\n\t\t\t\t\t<\/div>\n\t\t<\/div>\n\t\t\t\t<div class=\"elementor-column elementor-col-50 elementor-inner-column elementor-element elementor-element-8249ec7\" data-id=\"8249ec7\" data-element_type=\"column\" data-settings=\"{&quot;background_background&quot;:&quot;classic&quot;}\">\n\t\t\t<div class=\"elementor-widget-wrap elementor-element-populated\">\n\t\t\t\t\t\t\t\t<div class=\"elementor-element elementor-element-d952b0c elementor-widget elementor-widget-text-editor\" data-id=\"d952b0c\" data-element_type=\"widget\" data-widget_type=\"text-editor.default\">\n\t\t\t\t<div class=\"elementor-widget-container\">\n\t\t\t\t\t\t\t<p><b>Struttura Legale:\u00a0<\/b><\/p><p>Scegliere la struttura legale per la propria azienda.\u00a0<\/p><p>Le opzioni pi\u00f9 comuni a Dubai sono:<\/p><div><span style=\"background-color: var( --e-global-color-astglobalcolor5 );\">-Societ\u00e0 nella Mainland:\u00a0<\/span><\/div><div>Permette di operare ovunque nel mercato degli EAU.\u00a0<\/div><div>Potrebbe essere necessario uno sponsor locale o un agente di servizio, a seconda dell&#8217;attivit\u00e0 scelta.<\/div><div><div>-Societ\u00e0 nella Zona Franca:\u00a0<\/div><div>Offre il 100% di propriet\u00e0 straniera.\u00a0<\/div><div>Le Zone Franche offrono diversi incentivi e vantaggi per le startup.<br \/><div>&#8211; Societ\u00e0 Offshore:\u00a0<\/div><div>Adatta alle imprese internazionali che desiderano stabilire una presenza a Dubai senza per\u00f2 svolgere operazioni commerciali locali.\u00a0<\/div><div>Offre vantaggi fiscali e consente una propriet\u00e0 straniera al 100%.<\/div><\/div><\/div>\t\t\t\t\t\t<\/div>\n\t\t\t\t<\/div>\n\t\t\t\t\t<\/div>\n\t\t<\/div>\n\t\t\t\t\t\t\t<\/div>\n\t\t<\/section>\n\t\t\t\t<section class=\"elementor-section elementor-inner-section elementor-element elementor-element-04274c2 elementor-section-boxed elementor-section-height-default elementor-section-height-default wpr-particle-no wpr-jarallax-no wpr-parallax-no wpr-sticky-section-no\" data-id=\"04274c2\" data-element_type=\"section\">\n\t\t\t\t\t\t<div class=\"elementor-container elementor-column-gap-no\">\n\t\t\t\t\t<div class=\"elementor-column elementor-col-50 elementor-inner-column elementor-element elementor-element-e5160c5\" data-id=\"e5160c5\" data-element_type=\"column\" data-settings=\"{&quot;background_background&quot;:&quot;classic&quot;}\">\n\t\t\t<div class=\"elementor-widget-wrap elementor-element-populated\">\n\t\t\t\t\t\t\t\t<div class=\"elementor-element elementor-element-403e5aa elementor-widget elementor-widget-text-editor\" data-id=\"403e5aa\" data-element_type=\"widget\" data-widget_type=\"text-editor.default\">\n\t\t\t\t<div class=\"elementor-widget-container\">\n\t\t\t\t\t\t\t<p><strong>Nome della Societ\u00e0:<\/strong> <br \/>Scegliete un nome unico per la vostra azienda, rispettando le linee guida stabilite dal Dipartimento dello Sviluppo Economico (DED) o dall&#8217;Autorit\u00e0 competente per la Zona Franca.<\/p>\t\t\t\t\t\t<\/div>\n\t\t\t\t<\/div>\n\t\t\t\t\t<\/div>\n\t\t<\/div>\n\t\t\t\t<div class=\"elementor-column elementor-col-50 elementor-inner-column elementor-element elementor-element-87cd646\" data-id=\"87cd646\" data-element_type=\"column\" data-settings=\"{&quot;background_background&quot;:&quot;classic&quot;}\">\n\t\t\t<div class=\"elementor-widget-wrap elementor-element-populated\">\n\t\t\t\t\t\t\t\t<div class=\"elementor-element elementor-element-4d3a047 elementor-widget elementor-widget-text-editor\" data-id=\"4d3a047\" data-element_type=\"widget\" data-widget_type=\"text-editor.default\">\n\t\t\t\t<div class=\"elementor-widget-container\">\n\t\t\t\t\t\t\t<p><strong>Piano Aziendale:<\/strong> <br \/>Creare un piano aziendale completo che illustri gli obiettivi dell&#8217;azienda, l&#8217;analisi di mercato, le proiezioni finanziarie e la strategia di marketing. <br \/>\u00c8 obbligatorio in alcune Giurisdizioni, ma non in tutte.<\/p>\t\t\t\t\t\t<\/div>\n\t\t\t\t<\/div>\n\t\t\t\t\t<\/div>\n\t\t<\/div>\n\t\t\t\t\t\t\t<\/div>\n\t\t<\/section>\n\t\t\t\t<section class=\"elementor-section elementor-inner-section elementor-element elementor-element-31b46fc elementor-section-boxed elementor-section-height-default elementor-section-height-default wpr-particle-no wpr-jarallax-no wpr-parallax-no wpr-sticky-section-no\" data-id=\"31b46fc\" data-element_type=\"section\">\n\t\t\t\t\t\t<div class=\"elementor-container elementor-column-gap-no\">\n\t\t\t\t\t<div class=\"elementor-column elementor-col-50 elementor-inner-column elementor-element elementor-element-4582180\" data-id=\"4582180\" data-element_type=\"column\" data-settings=\"{&quot;background_background&quot;:&quot;classic&quot;}\">\n\t\t\t<div class=\"elementor-widget-wrap elementor-element-populated\">\n\t\t\t\t\t\t\t\t<div class=\"elementor-element elementor-element-b423f66 elementor-widget elementor-widget-text-editor\" data-id=\"b423f66\" data-element_type=\"widget\" data-widget_type=\"text-editor.default\">\n\t\t\t\t<div class=\"elementor-widget-container\">\n\t\t\t\t\t\t\t<p><strong>Licenza Commerciale:<\/strong> <br \/>Richiedere una licenza commerciale pertinente alla propria attivit\u00e0. Sono disponibili diversi tipi di licenza, come quella commerciale, professionale o industriale. L&#8217;Autorit\u00e0 preposta al rilascio delle licenze dipende dalla Giurisdizione scelta.<\/p>\t\t\t\t\t\t<\/div>\n\t\t\t\t<\/div>\n\t\t\t\t\t<\/div>\n\t\t<\/div>\n\t\t\t\t<div class=\"elementor-column elementor-col-50 elementor-inner-column elementor-element elementor-element-e419112\" data-id=\"e419112\" data-element_type=\"column\" data-settings=\"{&quot;background_background&quot;:&quot;classic&quot;}\">\n\t\t\t<div class=\"elementor-widget-wrap elementor-element-populated\">\n\t\t\t\t\t\t\t\t<div class=\"elementor-element elementor-element-61685ad elementor-widget elementor-widget-text-editor\" data-id=\"61685ad\" data-element_type=\"widget\" data-widget_type=\"text-editor.default\">\n\t\t\t\t<div class=\"elementor-widget-container\">\n\t\t\t\t\t\t\t<p><strong>Spazio per Uffici: <\/strong><br \/>A seconda dell&#8217;impostazione dell&#8217;attivit\u00e0, potrebbe essere necessario affittare uno spazio per uffici. Le zone franche spesso offrono soluzioni di ufficio flessibili, mentre le aziende nella Mainland possono richiedere una sede fisica.<\/p>\t\t\t\t\t\t<\/div>\n\t\t\t\t<\/div>\n\t\t\t\t\t<\/div>\n\t\t<\/div>\n\t\t\t\t\t\t\t<\/div>\n\t\t<\/section>\n\t\t\t\t<section class=\"elementor-section elementor-inner-section elementor-element elementor-element-eba6278 elementor-section-boxed elementor-section-height-default elementor-section-height-default wpr-particle-no wpr-jarallax-no wpr-parallax-no wpr-sticky-section-no\" data-id=\"eba6278\" data-element_type=\"section\">\n\t\t\t\t\t\t<div class=\"elementor-container elementor-column-gap-no\">\n\t\t\t\t\t<div class=\"elementor-column elementor-col-50 elementor-inner-column elementor-element elementor-element-df05c05\" data-id=\"df05c05\" data-element_type=\"column\" data-settings=\"{&quot;background_background&quot;:&quot;classic&quot;}\">\n\t\t\t<div class=\"elementor-widget-wrap elementor-element-populated\">\n\t\t\t\t\t\t\t\t<div class=\"elementor-element elementor-element-254862c elementor-widget elementor-widget-text-editor\" data-id=\"254862c\" data-element_type=\"widget\" data-widget_type=\"text-editor.default\">\n\t\t\t\t<div class=\"elementor-widget-container\">\n\t\t\t\t\t\t\t<p><strong>Approvazioni Governative: <\/strong><br \/>Presentare i documenti necessari e ottenere le Autorizzazioni da Enti Governativi come il DED, la Camera di Commercio e Industria di Dubai, il Ministero dell&#8217;Economia, il Comune di Dubai ed altre Autorit\u00e0 competenti in base alla vostra attivit\u00e0 commerciale<\/p>\t\t\t\t\t\t<\/div>\n\t\t\t\t<\/div>\n\t\t\t\t\t<\/div>\n\t\t<\/div>\n\t\t\t\t<div class=\"elementor-column elementor-col-50 elementor-inner-column elementor-element elementor-element-6ee07c9\" data-id=\"6ee07c9\" data-element_type=\"column\" data-settings=\"{&quot;background_background&quot;:&quot;classic&quot;}\">\n\t\t\t<div class=\"elementor-widget-wrap elementor-element-populated\">\n\t\t\t\t\t\t\t\t<div class=\"elementor-element elementor-element-e7ff98a elementor-widget elementor-widget-text-editor\" data-id=\"e7ff98a\" data-element_type=\"widget\" data-widget_type=\"text-editor.default\">\n\t\t\t\t<div class=\"elementor-widget-container\">\n\t\t\t\t\t\t\t<p><strong>Requisiti per i Visti: <\/strong><br \/>Comprendere le norme in materia di Visti e di lavoro applicabili alla vostra struttura aziendale. <br \/>Dovrete richiedere i Visti per i vostri dipendenti e potenzialmente soddisfare requisiti specifici per il personale.<\/p>\t\t\t\t\t\t<\/div>\n\t\t\t\t<\/div>\n\t\t\t\t\t<\/div>\n\t\t<\/div>\n\t\t\t\t\t\t\t<\/div>\n\t\t<\/section>\n\t\t\t\t<section class=\"elementor-section elementor-inner-section elementor-element elementor-element-52fdc96 elementor-section-boxed elementor-section-height-default elementor-section-height-default wpr-particle-no wpr-jarallax-no wpr-parallax-no wpr-sticky-section-no\" data-id=\"52fdc96\" data-element_type=\"section\">\n\t\t\t\t\t\t<div class=\"elementor-container elementor-column-gap-no\">\n\t\t\t\t\t<div class=\"elementor-column elementor-col-33 elementor-inner-column elementor-element elementor-element-1ff4dcb\" data-id=\"1ff4dcb\" data-element_type=\"column\" data-settings=\"{&quot;background_background&quot;:&quot;classic&quot;}\">\n\t\t\t<div class=\"elementor-widget-wrap elementor-element-populated\">\n\t\t\t\t\t\t\t\t<div class=\"elementor-element elementor-element-dc90c1f elementor-widget elementor-widget-text-editor\" data-id=\"dc90c1f\" data-element_type=\"widget\" data-widget_type=\"text-editor.default\">\n\t\t\t\t<div class=\"elementor-widget-container\">\n\t\t\t\t\t\t\t<p><strong>Considerazioni Finanziarie: <\/strong><br \/>Preparatevi a disporre del capitale necessario per l&#8217;investimento iniziale, le tasse per la licenza, l&#8217;allestimento dell&#8217;ufficio, l&#8217;elaborazione dei Visti e i costi operativi. <br \/>\u00c8 inoltre necessario aprire un conto bancario aziendale a Dubai.<\/p><p>\u00a0<\/p>\t\t\t\t\t\t<\/div>\n\t\t\t\t<\/div>\n\t\t\t\t\t<\/div>\n\t\t<\/div>\n\t\t\t\t<div class=\"elementor-column elementor-col-33 elementor-inner-column elementor-element elementor-element-4188b14\" data-id=\"4188b14\" data-element_type=\"column\" data-settings=\"{&quot;background_background&quot;:&quot;classic&quot;}\">\n\t\t\t<div class=\"elementor-widget-wrap elementor-element-populated\">\n\t\t\t\t\t\t\t\t<div class=\"elementor-element elementor-element-e0bcc02 elementor-widget elementor-widget-text-editor\" data-id=\"e0bcc02\" data-element_type=\"widget\" data-widget_type=\"text-editor.default\">\n\t\t\t\t<div class=\"elementor-widget-container\">\n\t\t\t\t\t\t\t<p><strong>Propriet\u00e0 Intellettuale: <\/strong><br \/>Se la vostra attivit\u00e0 coinvolge la Propriet\u00e0 Intellettuale, prendete in considerazione la possibilit\u00e0 di proteggere i vostri marchi, diritti d&#8217;autore o brevetti attraverso i canali appropriati.<\/p>\t\t\t\t\t\t<\/div>\n\t\t\t\t<\/div>\n\t\t\t\t\t<\/div>\n\t\t<\/div>\n\t\t\t\t<div class=\"elementor-column elementor-col-33 elementor-inner-column elementor-element elementor-element-cff161a\" data-id=\"cff161a\" data-element_type=\"column\" data-settings=\"{&quot;background_background&quot;:&quot;classic&quot;}\">\n\t\t\t<div class=\"elementor-widget-wrap elementor-element-populated\">\n\t\t\t\t\t\t\t\t<div class=\"elementor-element elementor-element-b56b56a elementor-widget elementor-widget-text-editor\" data-id=\"b56b56a\" data-element_type=\"widget\" data-widget_type=\"text-editor.default\">\n\t\t\t\t<div class=\"elementor-widget-container\">\n\t\t\t\t\t\t\t<p><strong>Nome della Societ\u00e0:<\/strong> <br \/>Scegliete un nome unico per la vostra azienda, rispettando le linee guida stabilite dal Dipartimento dello Sviluppo Economico (DED) o dall&#8217;Autorit\u00e0 competente per la Zona Franca.<\/p>\t\t\t\t\t\t<\/div>\n\t\t\t\t<\/div>\n\t\t\t\t\t<\/div>\n\t\t<\/div>\n\t\t\t\t\t\t\t<\/div>\n\t\t<\/section>\n\t\t\t\t\t<\/div>\n\t\t<\/div>\n\t\t\t\t\t\t\t<\/div>\n\t\t<\/section>\n\t\t\t\t<section class=\"elementor-section elementor-top-section elementor-element elementor-element-580a199 elementor-section-boxed elementor-section-height-default elementor-section-height-default wpr-particle-no wpr-jarallax-no wpr-parallax-no wpr-sticky-section-no\" data-id=\"580a199\" data-element_type=\"section\">\n\t\t\t\t\t\t<div class=\"elementor-container elementor-column-gap-default\">\n\t\t\t\t\t<div class=\"elementor-column elementor-col-100 elementor-top-column elementor-element elementor-element-ea51f61\" data-id=\"ea51f61\" data-element_type=\"column\">\n\t\t\t<div class=\"elementor-widget-wrap elementor-element-populated\">\n\t\t\t\t\t\t\t\t<div class=\"elementor-element elementor-element-b393555 elementor-widget elementor-widget-text-editor\" data-id=\"b393555\" data-element_type=\"widget\" data-widget_type=\"text-editor.default\">\n\t\t\t\t<div class=\"elementor-widget-container\">\n\t\t\t\t\t\t\t<p>\u00c8 importante notare che le Normative e le Procedure possono variare a seconda della Giurisdizione e dei requisiti specifici della vostra Attivit\u00e0. <br \/>La consulenza di un serio professionista esperto nella costituzione di societ\u00e0 pu\u00f2 certamente fornire indicazioni personalizzate in base alle vostre esigenze. <\/p>\t\t\t\t\t\t<\/div>\n\t\t\t\t<\/div>\n\t\t\t\t\t<\/div>\n\t\t<\/div>\n\t\t\t\t\t\t\t<\/div>\n\t\t<\/section>\n\t\t\t\t\t\t\t<\/div>\n\t\t","protected":false},"excerpt":{"rendered":"<p>Avviare un&#8217; Attivit\u00e0 negli EAU Luigi Falanga \u00e8 uno dei principali specialisti in materia di costituzione di imprese negli Emirati Arabi Uniti ed \u00e8 Professional Partener presso l&#8217;International Free Zone Authority &#8211; IFZA, la Free Zone indipendente in pi\u00f9 rapida crescita e di maggior successo negli EAU.Lo STUDIO FALANGA \u00e8 autorizzato a notarizzare ed autenticare &hellip;<\/p>\n<p class=\"read-more\"> <a class=\"\" href=\"https:\/\/soluzioneglobale.net\/falanga\/avviare-unattivita-negli-uae\/\"> <span class=\"screen-reader-text\">AVVIARE UN&#8217;ATTIVIT\u00c0 NEGLI UAE<\/span> Read More &raquo;<\/a><\/p>\n","protected":false},"author":1,"featured_media":0,"parent":0,"menu_order":0,"comment_status":"closed","ping_status":"closed","template":"","meta":{"site-sidebar-layout":"no-sidebar","site-content-layout":"page-builder","ast-global-header-display":"","ast-banner-title-visibility":"","ast-main-header-display":"","ast-hfb-above-header-display":"","ast-hfb-below-header-display":"","ast-hfb-mobile-header-display":"","site-post-title":"disabled","ast-breadcrumbs-content":"disabled","ast-featured-img":"disabled","footer-sml-layout":"","theme-transparent-header-meta":"enabled","adv-header-id-meta":"","stick-header-meta":"","header-above-stick-meta":"","header-main-stick-meta":"","header-below-stick-meta":"","footnotes":""},"class_list":["post-2016","page","type-page","status-publish","hentry"],"_links":{"self":[{"href":"https:\/\/soluzioneglobale.net\/falanga\/wp-json\/wp\/v2\/pages\/2016","targetHints":{"allow":["GET"]}}],"collection":[{"href":"https:\/\/soluzioneglobale.net\/falanga\/wp-json\/wp\/v2\/pages"}],"about":[{"href":"https:\/\/soluzioneglobale.net\/falanga\/wp-json\/wp\/v2\/types\/page"}],"author":[{"embeddable":true,"href":"https:\/\/soluzioneglobale.net\/falanga\/wp-json\/wp\/v2\/users\/1"}],"replies":[{"embeddable":true,"href":"https:\/\/soluzioneglobale.net\/falanga\/wp-json\/wp\/v2\/comments?post=2016"}],"version-history":[{"count":49,"href":"https:\/\/soluzioneglobale.net\/falanga\/wp-json\/wp\/v2\/pages\/2016\/revisions"}],"predecessor-version":[{"id":2885,"href":"https:\/\/soluzioneglobale.net\/falanga\/wp-json\/wp\/v2\/pages\/2016\/revisions\/2885"}],"wp:attachment":[{"href":"https:\/\/soluzioneglobale.net\/falanga\/wp-json\/wp\/v2\/media?parent=2016"}],"curies":[{"name":"wp","href":"https:\/\/api.w.org\/{rel}","templated":true}]}}