{"id":1975,"date":"2023-07-04T14:15:43","date_gmt":"2023-07-04T14:15:43","guid":{"rendered":"https:\/\/soluzioneglobale.net\/falanga\/?page_id=1975"},"modified":"2023-09-18T16:51:12","modified_gmt":"2023-09-18T16:51:12","slug":"la-nostra-missione","status":"publish","type":"page","link":"https:\/\/soluzioneglobale.net\/falanga\/la-nostra-missione\/","title":{"rendered":"LA NOSTRA MISSIONE"},"content":{"rendered":"\t\t<div data-elementor-type=\"wp-page\" data-elementor-id=\"1975\" class=\"elementor elementor-1975\">\n\t\t\t\t\t\t\t\t\t<section class=\"elementor-section elementor-top-section elementor-element elementor-element-9cb7e59 elementor-section-boxed elementor-section-height-default elementor-section-height-default wpr-particle-no wpr-jarallax-no wpr-parallax-no wpr-sticky-section-no\" data-id=\"9cb7e59\" data-element_type=\"section\" data-settings=\"{&quot;background_background&quot;:&quot;classic&quot;}\">\n\t\t\t\t\t\t<div class=\"elementor-container elementor-column-gap-no\">\n\t\t\t\t\t<div class=\"elementor-column elementor-col-100 elementor-top-column elementor-element elementor-element-c18e4fd\" data-id=\"c18e4fd\" data-element_type=\"column\">\n\t\t\t<div class=\"elementor-widget-wrap\">\n\t\t\t\t\t\t\t\t\t<\/div>\n\t\t<\/div>\n\t\t\t\t\t\t\t<\/div>\n\t\t<\/section>\n\t\t\t\t<section class=\"elementor-section elementor-top-section elementor-element elementor-element-27abd57 elementor-section-boxed elementor-section-height-default elementor-section-height-default wpr-particle-no wpr-jarallax-no wpr-parallax-no wpr-sticky-section-no\" data-id=\"27abd57\" data-element_type=\"section\" data-settings=\"{&quot;background_background&quot;:&quot;classic&quot;}\">\n\t\t\t\t\t\t<div class=\"elementor-container elementor-column-gap-no\">\n\t\t\t\t\t<div class=\"elementor-column elementor-col-100 elementor-top-column elementor-element elementor-element-9f645f5\" data-id=\"9f645f5\" data-element_type=\"column\">\n\t\t\t<div class=\"elementor-widget-wrap elementor-element-populated\">\n\t\t\t\t\t\t\t\t<div class=\"elementor-element elementor-element-60730bb elementor-widget elementor-widget-heading\" data-id=\"60730bb\" data-element_type=\"widget\" data-widget_type=\"heading.default\">\n\t\t\t\t<div class=\"elementor-widget-container\">\n\t\t\t<style>\/*! elementor - v3.16.0 - 12-09-2023 *\/\n.elementor-heading-title{padding:0;margin:0;line-height:1}.elementor-widget-heading .elementor-heading-title[class*=elementor-size-]>a{color:inherit;font-size:inherit;line-height:inherit}.elementor-widget-heading .elementor-heading-title.elementor-size-small{font-size:15px}.elementor-widget-heading .elementor-heading-title.elementor-size-medium{font-size:19px}.elementor-widget-heading .elementor-heading-title.elementor-size-large{font-size:29px}.elementor-widget-heading .elementor-heading-title.elementor-size-xl{font-size:39px}.elementor-widget-heading .elementor-heading-title.elementor-size-xxl{font-size:59px}<\/style><h1 class=\"elementor-heading-title elementor-size-default\">La nostra missione<\/h1>\t\t<\/div>\n\t\t\t\t<\/div>\n\t\t\t\t\t<\/div>\n\t\t<\/div>\n\t\t\t\t\t\t\t<\/div>\n\t\t<\/section>\n\t\t\t\t<section class=\"elementor-section elementor-top-section elementor-element elementor-element-64aa708 elementor-section-boxed elementor-section-height-default elementor-section-height-default wpr-particle-no wpr-jarallax-no wpr-parallax-no wpr-sticky-section-no\" data-id=\"64aa708\" data-element_type=\"section\" data-settings=\"{&quot;background_background&quot;:&quot;classic&quot;}\">\n\t\t\t\t\t\t<div class=\"elementor-container elementor-column-gap-no\">\n\t\t\t\t\t<div class=\"elementor-column elementor-col-100 elementor-top-column elementor-element elementor-element-7794e12\" data-id=\"7794e12\" data-element_type=\"column\">\n\t\t\t<div class=\"elementor-widget-wrap elementor-element-populated\">\n\t\t\t\t\t\t\t\t<section class=\"elementor-section elementor-inner-section elementor-element elementor-element-580afa9 elementor-section-boxed elementor-section-height-default elementor-section-height-default wpr-particle-no wpr-jarallax-no wpr-parallax-no wpr-sticky-section-no\" data-id=\"580afa9\" data-element_type=\"section\">\n\t\t\t\t\t\t<div class=\"elementor-container elementor-column-gap-no\">\n\t\t\t\t\t<div class=\"elementor-column elementor-col-100 elementor-inner-column elementor-element elementor-element-fc662da\" data-id=\"fc662da\" data-element_type=\"column\">\n\t\t\t<div class=\"elementor-widget-wrap elementor-element-populated\">\n\t\t\t\t\t\t\t\t<div class=\"elementor-element elementor-element-35fd890 elementor-widget elementor-widget-text-editor\" data-id=\"35fd890\" data-element_type=\"widget\" data-widget_type=\"text-editor.default\">\n\t\t\t\t<div class=\"elementor-widget-container\">\n\t\t\t<style>\/*! elementor - v3.16.0 - 12-09-2023 *\/\n.elementor-widget-text-editor.elementor-drop-cap-view-stacked .elementor-drop-cap{background-color:#69727d;color:#fff}.elementor-widget-text-editor.elementor-drop-cap-view-framed .elementor-drop-cap{color:#69727d;border:3px solid;background-color:transparent}.elementor-widget-text-editor:not(.elementor-drop-cap-view-default) .elementor-drop-cap{margin-top:8px}.elementor-widget-text-editor:not(.elementor-drop-cap-view-default) .elementor-drop-cap-letter{width:1em;height:1em}.elementor-widget-text-editor .elementor-drop-cap{float:left;text-align:center;line-height:1;font-size:50px}.elementor-widget-text-editor .elementor-drop-cap-letter{display:inline-block}<\/style>\t\t\t\t<p>Aiutare le aziende a innovare e crescere a livello internazionale<\/p><p>PARTNERSHIP INTERANZIONALE<br \/>Competenze, contatti ed eventi per mettervi in collegamento con i giusti partner internazionali per far crescere il vostro business.<\/p><p>CONSULENZA PER LA CRESCITA INTERNAZIONALE<br \/>Consulenza di Esperti per la crescita e l&#8217;espansione nei mercati internazionali.<\/p><p>SUPPORT FOR BUSINESS INNOVATION<br \/>Servizi orientati alle soluzioni per aiutarvi a trasformare le vostre idee innovative in successi commerciali internazionali.<\/p>\t\t\t\t\t\t<\/div>\n\t\t\t\t<\/div>\n\t\t\t\t\t<\/div>\n\t\t<\/div>\n\t\t\t\t\t\t\t<\/div>\n\t\t<\/section>\n\t\t\t\t<section class=\"elementor-section elementor-inner-section elementor-element elementor-element-3d272f9 elementor-section-boxed elementor-section-height-default elementor-section-height-default wpr-particle-no wpr-jarallax-no wpr-parallax-no wpr-sticky-section-no\" data-id=\"3d272f9\" data-element_type=\"section\">\n\t\t\t\t\t\t<div class=\"elementor-container elementor-column-gap-no\">\n\t\t\t\t\t<div class=\"elementor-column elementor-col-50 elementor-inner-column elementor-element elementor-element-8c804c0\" data-id=\"8c804c0\" data-element_type=\"column\">\n\t\t\t<div class=\"elementor-widget-wrap elementor-element-populated\">\n\t\t\t\t\t\t\t\t<div class=\"elementor-element elementor-element-2d4fe4c elementor-widget elementor-widget-text-editor\" data-id=\"2d4fe4c\" data-element_type=\"widget\" data-widget_type=\"text-editor.default\">\n\t\t\t\t<div class=\"elementor-widget-container\">\n\t\t\t\t\t\t\t<p>STUDIO FALANGA \u00e8 un International Business Advisor, un Contractor Bridging Middle East \/ European Opportunities, e mira a promuovere la cooperazione, la collaborazione, il commercio e gli investimenti tra Aziende, Istituzioni e Regioni Economiche Europee ed Emiratine, favorendo l&#8217;innovazione e l&#8217;imprenditorialit\u00e0.<br \/>La missione consiste nel fornire servizi di supporto all&#8217;internazionalizzazione standardizzati e su misura a societ\u00e0, ricercatori e innovatori europei, per accelerare la loro esposizione e l&#8217;accesso al mercato degli Emirati Arabi Uniti e massimizzare le loro possibilit\u00e0 di successo. <br \/>Lavoriamo in maniera specialistica e manteniamo una rete di contatti e talenti di prim&#8217;ordine in molti settori interessanti negli EAU ed in Europa, sia in Organizzazioni private che in Enti ed Autorit\u00e0 Pubbliche.<\/p>\t\t\t\t\t\t<\/div>\n\t\t\t\t<\/div>\n\t\t\t\t\t<\/div>\n\t\t<\/div>\n\t\t\t\t<div class=\"elementor-column elementor-col-50 elementor-inner-column elementor-element elementor-element-9689bc1\" data-id=\"9689bc1\" data-element_type=\"column\">\n\t\t\t<div class=\"elementor-widget-wrap elementor-element-populated\">\n\t\t\t\t\t\t\t\t<div class=\"elementor-element elementor-element-6fa5dfb elementor-widget elementor-widget-image\" data-id=\"6fa5dfb\" data-element_type=\"widget\" data-widget_type=\"image.default\">\n\t\t\t\t<div class=\"elementor-widget-container\">\n\t\t\t<style>\/*! elementor - v3.16.0 - 12-09-2023 *\/\n.elementor-widget-image{text-align:center}.elementor-widget-image a{display:inline-block}.elementor-widget-image a img[src$=\".svg\"]{width:48px}.elementor-widget-image img{vertical-align:middle;display:inline-block}<\/style>\t\t\t\t\t\t\t\t\t\t\t\t<img loading=\"lazy\" decoding=\"async\" width=\"703\" height=\"420\" src=\"https:\/\/soluzioneglobale.net\/falanga\/wp-content\/uploads\/2023\/06\/studio_falanga_012.webp\" class=\"attachment-large size-large wp-image-1618\" alt=\"\" srcset=\"https:\/\/soluzioneglobale.net\/falanga\/wp-content\/uploads\/2023\/06\/studio_falanga_012.webp 703w, https:\/\/soluzioneglobale.net\/falanga\/wp-content\/uploads\/2023\/06\/studio_falanga_012-300x179.webp 300w\" sizes=\"auto, (max-width: 703px) 100vw, 703px\" \/>\t\t\t\t\t\t\t\t\t\t\t\t\t\t\t<\/div>\n\t\t\t\t<\/div>\n\t\t\t\t\t<\/div>\n\t\t<\/div>\n\t\t\t\t\t\t\t<\/div>\n\t\t<\/section>\n\t\t\t\t<section class=\"elementor-section elementor-inner-section elementor-element elementor-element-a6d5058 elementor-section-boxed elementor-section-height-default elementor-section-height-default wpr-particle-no wpr-jarallax-no wpr-parallax-no wpr-sticky-section-no\" data-id=\"a6d5058\" data-element_type=\"section\">\n\t\t\t\t\t\t<div class=\"elementor-container elementor-column-gap-no\">\n\t\t\t\t\t<div class=\"elementor-column elementor-col-100 elementor-inner-column elementor-element elementor-element-ea72883\" data-id=\"ea72883\" data-element_type=\"column\">\n\t\t\t<div class=\"elementor-widget-wrap elementor-element-populated\">\n\t\t\t\t\t\t\t\t<div class=\"elementor-element elementor-element-b01921f elementor-widget elementor-widget-text-editor\" data-id=\"b01921f\" data-element_type=\"widget\" data-widget_type=\"text-editor.default\">\n\t\t\t\t<div class=\"elementor-widget-container\">\n\t\t\t\t\t\t\t<p><span style=\"background-color: var(--ast-global-color-4); color: var(--ast-global-color-3);\">I nostri talenti allenano, supportano e assistono sia le aziende europee che desiderano stabilirsi o investire nell&#8217;UE e negli EAU, consigliando e offrendo loro l&#8217;accesso a clienti, canali di distribuzione ed ecosistemi\/hub decisionali, guidandole attraverso un intero processo di sviluppo del mercato e aiutandole a raggiungere i loro obiettivi di espansione e di profitto.<br><\/span>STUDIO FALANGA aiuta le aziende a crescere, innovare e internazionalizzarsi, supporta le Piccole e Medie Imprese nei processi di internazionalizzazione e miglioramento della competitivit\u00e0.<br>Il Team offre servizi per aiutare le PMI orientate a migliorare la propria competitivit\u00e0 nel fare impresa, quindi, offre alle aziende la possibilit\u00e0 di ricercare partner internazionali per la cooperazione commerciale: accordi finanziari, commerciali e tecnico-produttivi.<br>L&#8217;Unione Europea \u00e8 un importante &#8220;hub&#8221; per le attivit\u00e0 commerciali, il progresso tecnologico e la ricerca e sviluppo, ma per mantenere il proprio vantaggio competitivo, le aziende devono sfruttare appieno le opportunit\u00e0 offerte dai mercati europei e internazionali.<br>I seguenti motivi rendono l&#8217;Unione Europea un luogo attraente per fare affari:<br>L&#8217;Unione Europea vanta la pi\u00f9 grande economia basata sulla conoscenza del mondo, con oltre 500 milioni di consumatori che rappresentano il 18,6% del PIL mondiale espresso in standard di potere d&#8217;acquisto.<br>L&#8217;Unione Europea \u00e8 leader mondiale nella ricerca e nell&#8217;innovazione, con il 24% della spesa mondiale per la ricerca, il 32% delle pubblicazioni ad alto impatto e il 32% delle domande di brevetto.<br>In un mondo globalizzato, le PMI devono sfruttare le nuove opportunit\u00e0 di mercato che i mercati internazionali possono offrire e affrontare la crescente concorrenza. <br>Esiste un legame diretto tra l&#8217;internazionalizzazione e l&#8217;aumento delle prestazioni delle PMI.<br><span style=\"font-style: inherit; font-weight: inherit; background-color: var(--ast-global-color-4); color: var(--ast-global-color-3);\">Un Team di Esperti di internazionalizzazione delle PMI e di Professionisti del trasferimento tecnologico lavora per lo STUDIO FALANGA, che oltre ai suoi obiettivi principali, funge da porta d&#8217;accesso per:<\/span><\/p>\n<p>&#8211; Accedere a un mercato vivace con oltre 500 milioni di consumatori;<br>&#8211; Identificare partner commerciali adatti;<br>&#8211; Canalizzare le iniziative di investimento in Europa in modo migliore e pi\u00f9 efficace.<br>&#8211; Servizi di partenariato transnazionali per rafforzare la cooperazione commerciale, il trasferimento tecnologico e l&#8217;innovazione.<br>&#8211; Servizi di supporto e informazione relativi alla creazione di partenariati tra PMI.<br>&#8211; Altre attivit\u00e0 per migliorare l&#8217;accesso delle PMI ai servizi di supporto alle imprese, ai partenariati, ai progetti di internazionalizzazione e di innovazione.<\/p>\n<p>Il target principale sono le PMI interessate a fare business, a trasferire tecnologia e\/o a collaborare nella ricerca con le imprese, e viceversa. <br>Infatti, lo STUDIO FALANGA sostiene le PMI con un alto potenziale di cooperazione commerciale internazionale, trasferimento tecnologico o collaborazione nella ricerca.<\/p>\n<p>LA MISSIONE:<br>&#8211; SVILUPPO DEL BUSINESS<br>&#8211; VENDITE <br>&#8211; RICERCA E RECLUTAMENTO DI DIRIGENTI<br>&#8211; INNOVAZIONE APERTA E SOURCING <br>&#8211; FUSIONE E ACQUISIZIONE<br>&#8211; MARKETING AZIENDALE<br>&#8211; MARKETING DI PRODOTTO<br>&#8211; ALTRI SERVIZI<\/p>\t\t\t\t\t\t<\/div>\n\t\t\t\t<\/div>\n\t\t\t\t<div class=\"elementor-element elementor-element-c32cd66 elementor-widget elementor-widget-text-editor\" data-id=\"c32cd66\" data-element_type=\"widget\" data-widget_type=\"text-editor.default\">\n\t\t\t\t<div class=\"elementor-widget-container\">\n\t\t\t\t\t\t\t\t\t\t\t\t\t<\/div>\n\t\t\t\t<\/div>\n\t\t\t\t\t<\/div>\n\t\t<\/div>\n\t\t\t\t\t\t\t<\/div>\n\t\t<\/section>\n\t\t\t\t\t<\/div>\n\t\t<\/div>\n\t\t\t\t\t\t\t<\/div>\n\t\t<\/section>\n\t\t\t\t\t\t\t<\/div>\n\t\t","protected":false},"excerpt":{"rendered":"<p>La nostra missione Aiutare le aziende a innovare e crescere a livello internazionale PARTNERSHIP INTERANZIONALECompetenze, contatti ed eventi per mettervi in collegamento con i giusti partner internazionali per far crescere il vostro business. CONSULENZA PER LA CRESCITA INTERNAZIONALEConsulenza di Esperti per la crescita e l&#8217;espansione nei mercati internazionali. SUPPORT FOR BUSINESS INNOVATIONServizi orientati alle soluzioni &hellip;<\/p>\n<p class=\"read-more\"> <a class=\"\" href=\"https:\/\/soluzioneglobale.net\/falanga\/la-nostra-missione\/\"> <span class=\"screen-reader-text\">LA NOSTRA MISSIONE<\/span> Read More &raquo;<\/a><\/p>\n","protected":false},"author":1,"featured_media":0,"parent":0,"menu_order":0,"comment_status":"closed","ping_status":"closed","template":"","meta":{"site-sidebar-layout":"no-sidebar","site-content-layout":"page-builder","ast-global-header-display":"","ast-banner-title-visibility":"","ast-main-header-display":"","ast-hfb-above-header-display":"","ast-hfb-below-header-display":"","ast-hfb-mobile-header-display":"","site-post-title":"disabled","ast-breadcrumbs-content":"disabled","ast-featured-img":"disabled","footer-sml-layout":"","theme-transparent-header-meta":"enabled","adv-header-id-meta":"","stick-header-meta":"","header-above-stick-meta":"","header-main-stick-meta":"","header-below-stick-meta":"","footnotes":""},"class_list":["post-1975","page","type-page","status-publish","hentry"],"_links":{"self":[{"href":"https:\/\/soluzioneglobale.net\/falanga\/wp-json\/wp\/v2\/pages\/1975","targetHints":{"allow":["GET"]}}],"collection":[{"href":"https:\/\/soluzioneglobale.net\/falanga\/wp-json\/wp\/v2\/pages"}],"about":[{"href":"https:\/\/soluzioneglobale.net\/falanga\/wp-json\/wp\/v2\/types\/page"}],"author":[{"embeddable":true,"href":"https:\/\/soluzioneglobale.net\/falanga\/wp-json\/wp\/v2\/users\/1"}],"replies":[{"embeddable":true,"href":"https:\/\/soluzioneglobale.net\/falanga\/wp-json\/wp\/v2\/comments?post=1975"}],"version-history":[{"count":46,"href":"https:\/\/soluzioneglobale.net\/falanga\/wp-json\/wp\/v2\/pages\/1975\/revisions"}],"predecessor-version":[{"id":2923,"href":"https:\/\/soluzioneglobale.net\/falanga\/wp-json\/wp\/v2\/pages\/1975\/revisions\/2923"}],"wp:attachment":[{"href":"https:\/\/soluzioneglobale.net\/falanga\/wp-json\/wp\/v2\/media?parent=1975"}],"curies":[{"name":"wp","href":"https:\/\/api.w.org\/{rel}","templated":true}]}}