{"id":1520,"date":"2025-04-02T10:02:27","date_gmt":"2025-04-02T10:02:27","guid":{"rendered":"https:\/\/soluzioneglobale.net\/carbe25\/?page_id=1520"},"modified":"2025-07-24T08:44:25","modified_gmt":"2025-07-24T08:44:25","slug":"bonta-salate","status":"publish","type":"page","link":"https:\/\/soluzioneglobale.net\/carbe25\/bonta-salate\/","title":{"rendered":"Bont\u00e0 salate"},"content":{"rendered":"\t\t<div data-elementor-type=\"wp-page\" data-elementor-id=\"1520\" class=\"elementor elementor-1520\">\n\t\t\t\t<div class=\"elementor-element elementor-element-d98598e e-flex e-con-boxed e-con e-parent\" data-id=\"d98598e\" data-element_type=\"container\" data-settings=\"{&quot;background_background&quot;:&quot;classic&quot;}\">\n\t\t\t\t\t<div class=\"e-con-inner\">\n\t\t<div class=\"elementor-element elementor-element-8e35f02 e-con-full e-flex e-con e-child\" data-id=\"8e35f02\" data-element_type=\"container\">\n\t\t<div class=\"elementor-element elementor-element-dc8a5d1 e-con-full e-flex e-con e-child\" data-id=\"dc8a5d1\" data-element_type=\"container\">\n\t\t<div class=\"elementor-element elementor-element-456a062 e-con-full e-flex e-con e-child\" data-id=\"456a062\" data-element_type=\"container\">\n\t\t\t\t<div class=\"elementor-element elementor-element-2c153d6 elementor-widget elementor-widget-heading\" data-id=\"2c153d6\" data-element_type=\"widget\" data-widget_type=\"heading.default\">\n\t\t\t\t<div class=\"elementor-widget-container\">\n\t\t\t\t\t<h1 class=\"elementor-heading-title elementor-size-default\">Bont\u00e0 salate<\/h1>\t\t\t\t<\/div>\n\t\t\t\t<\/div>\n\t\t\t\t<\/div>\n\t\t<div class=\"elementor-element elementor-element-3fd0bca e-con-full e-flex e-con e-child\" data-id=\"3fd0bca\" data-element_type=\"container\">\n\t\t\t\t<div class=\"elementor-element elementor-element-4b0f8cb elementor-widget-divider--view-line elementor-widget elementor-widget-divider\" data-id=\"4b0f8cb\" data-element_type=\"widget\" data-widget_type=\"divider.default\">\n\t\t\t\t<div class=\"elementor-widget-container\">\n\t\t\t\t\t\t\t<div class=\"elementor-divider\">\n\t\t\t<span class=\"elementor-divider-separator\">\n\t\t\t\t\t\t<\/span>\n\t\t<\/div>\n\t\t\t\t\t\t<\/div>\n\t\t\t\t<\/div>\n\t\t\t\t<div class=\"elementor-element elementor-element-5d71d45 elementor-widget elementor-widget-heading\" data-id=\"5d71d45\" data-element_type=\"widget\" data-widget_type=\"heading.default\">\n\t\t\t\t<div class=\"elementor-widget-container\">\n\t\t\t\t\t<h3 class=\"elementor-heading-title elementor-size-default\">Sfiziose bont\u00e0<\/h3>\t\t\t\t<\/div>\n\t\t\t\t<\/div>\n\t\t\t\t<div class=\"elementor-element elementor-element-b5f1814 elementor-widget elementor-widget-text-editor\" data-id=\"b5f1814\" data-element_type=\"widget\" data-widget_type=\"text-editor.default\">\n\t\t\t\t<div class=\"elementor-widget-container\">\n\t\t\t\t\t\t\t\t\t<p>Il forno Carb\u00e8 non \u00e8 solo pane. Per chi non vuole rinunciare ad uno spuntino salato e per gli amanti dello street food siciliano, Carb\u00e8 offre, ogni giorno, tante sfiziose bont\u00e0 salate, come i grissini all\u2019olio extravergine d\u2019oliva e integrali, e ancora una ricchissima tavola calda con buonissimi prodotti da forno e rustici, ideali per una pausa gustosa o per pasti veloci ma ricchi di gusto.<\/p>\t\t\t\t\t\t\t\t<\/div>\n\t\t\t\t<\/div>\n\t\t\t\t<\/div>\n\t\t\t\t<\/div>\n\t\t\t\t<div class=\"elementor-element elementor-element-47a50b3 gallery-spacing-custom elementor-widget elementor-widget-image-gallery\" data-id=\"47a50b3\" data-element_type=\"widget\" data-widget_type=\"image-gallery.default\">\n\t\t\t\t<div class=\"elementor-widget-container\">\n\t\t\t\t\t\t\t<div class=\"elementor-image-gallery\">\n\t\t\t<div id='gallery-1' class='gallery galleryid-1520 gallery-columns-3 gallery-size-full'><figure class='gallery-item'>\n\t\t\t<div class='gallery-icon landscape'>\n\t\t\t\t<a data-elementor-open-lightbox=\"yes\" data-elementor-lightbox-slideshow=\"47a50b3\" data-elementor-lightbox-title=\"panificio antico forno carb\u00e8 - Belvedere (SR) 036\" data-e-action-hash=\"#elementor-action%3Aaction%3Dlightbox%26settings%3DeyJpZCI6MTQxMCwidXJsIjoiaHR0cHM6XC9cL3NvbHV6aW9uZWdsb2JhbGUubmV0XC9jYXJiZTI1XC93cC1jb250ZW50XC91cGxvYWRzXC8yMDI1XC8wNFwvcGFuaWZpY2lvLWFudGljby1mb3Juby1jYXJiZS1CZWx2ZWRlcmUtU1ItMDM2LnBuZyIsInNsaWRlc2hvdyI6IjQ3YTUwYjMifQ%3D%3D\" href='https:\/\/soluzioneglobale.net\/carbe25\/wp-content\/uploads\/2025\/04\/panificio-antico-forno-carbe-Belvedere-SR-036.png'><img fetchpriority=\"high\" decoding=\"async\" width=\"940\" height=\"788\" src=\"https:\/\/soluzioneglobale.net\/carbe25\/wp-content\/uploads\/2025\/04\/panificio-antico-forno-carbe-Belvedere-SR-036.png\" class=\"attachment-full size-full\" alt=\"\" srcset=\"https:\/\/soluzioneglobale.net\/carbe25\/wp-content\/uploads\/2025\/04\/panificio-antico-forno-carbe-Belvedere-SR-036.png 940w, https:\/\/soluzioneglobale.net\/carbe25\/wp-content\/uploads\/2025\/04\/panificio-antico-forno-carbe-Belvedere-SR-036-300x251.png 300w, https:\/\/soluzioneglobale.net\/carbe25\/wp-content\/uploads\/2025\/04\/panificio-antico-forno-carbe-Belvedere-SR-036-768x644.png 768w, https:\/\/soluzioneglobale.net\/carbe25\/wp-content\/uploads\/2025\/04\/panificio-antico-forno-carbe-Belvedere-SR-036-600x503.png 600w\" sizes=\"(max-width: 940px) 100vw, 940px\" \/><\/a>\n\t\t\t<\/div><\/figure><figure class='gallery-item'>\n\t\t\t<div class='gallery-icon landscape'>\n\t\t\t\t<a data-elementor-open-lightbox=\"yes\" data-elementor-lightbox-slideshow=\"47a50b3\" data-elementor-lightbox-title=\"panificio antico forno carb\u00e8 - Belvedere (SR) 030\" data-e-action-hash=\"#elementor-action%3Aaction%3Dlightbox%26settings%3DeyJpZCI6MTQwNCwidXJsIjoiaHR0cHM6XC9cL3NvbHV6aW9uZWdsb2JhbGUubmV0XC9jYXJiZTI1XC93cC1jb250ZW50XC91cGxvYWRzXC8yMDI1XC8wNFwvcGFuaWZpY2lvLWFudGljby1mb3Juby1jYXJiZS1CZWx2ZWRlcmUtU1ItMDMwLmpwZyIsInNsaWRlc2hvdyI6IjQ3YTUwYjMifQ%3D%3D\" href='https:\/\/soluzioneglobale.net\/carbe25\/wp-content\/uploads\/2025\/04\/panificio-antico-forno-carbe-Belvedere-SR-030.jpg'><img decoding=\"async\" width=\"940\" height=\"788\" src=\"https:\/\/soluzioneglobale.net\/carbe25\/wp-content\/uploads\/2025\/04\/panificio-antico-forno-carbe-Belvedere-SR-030.jpg\" class=\"attachment-full size-full\" alt=\"\" srcset=\"https:\/\/soluzioneglobale.net\/carbe25\/wp-content\/uploads\/2025\/04\/panificio-antico-forno-carbe-Belvedere-SR-030.jpg 940w, https:\/\/soluzioneglobale.net\/carbe25\/wp-content\/uploads\/2025\/04\/panificio-antico-forno-carbe-Belvedere-SR-030-300x251.jpg 300w, https:\/\/soluzioneglobale.net\/carbe25\/wp-content\/uploads\/2025\/04\/panificio-antico-forno-carbe-Belvedere-SR-030-768x644.jpg 768w, https:\/\/soluzioneglobale.net\/carbe25\/wp-content\/uploads\/2025\/04\/panificio-antico-forno-carbe-Belvedere-SR-030-600x503.jpg 600w\" sizes=\"(max-width: 940px) 100vw, 940px\" \/><\/a>\n\t\t\t<\/div><\/figure><figure class='gallery-item'>\n\t\t\t<div class='gallery-icon landscape'>\n\t\t\t\t<a data-elementor-open-lightbox=\"yes\" data-elementor-lightbox-slideshow=\"47a50b3\" data-elementor-lightbox-title=\"panificio-antico-forno-carbe-Belvedere-SR-030\" data-e-action-hash=\"#elementor-action%3Aaction%3Dlightbox%26settings%3DeyJpZCI6MTk0NywidXJsIjoiaHR0cHM6XC9cL3NvbHV6aW9uZWdsb2JhbGUubmV0XC9jYXJiZTI1XC93cC1jb250ZW50XC91cGxvYWRzXC8yMDI1XC8wN1wvcGFuaWZpY2lvLWFudGljby1mb3Juby1jYXJiZS1CZWx2ZWRlcmUtU1ItMDMwLS53ZWJwIiwic2xpZGVzaG93IjoiNDdhNTBiMyJ9\" href='https:\/\/soluzioneglobale.net\/carbe25\/wp-content\/uploads\/2025\/07\/panificio-antico-forno-carbe-Belvedere-SR-030-.webp'><img decoding=\"async\" width=\"940\" height=\"788\" src=\"https:\/\/soluzioneglobale.net\/carbe25\/wp-content\/uploads\/2025\/07\/panificio-antico-forno-carbe-Belvedere-SR-030-.webp\" class=\"attachment-full size-full\" alt=\"panificio-antico-forno-carbe-Belvedere-SR-030\" srcset=\"https:\/\/soluzioneglobale.net\/carbe25\/wp-content\/uploads\/2025\/07\/panificio-antico-forno-carbe-Belvedere-SR-030-.webp 940w, https:\/\/soluzioneglobale.net\/carbe25\/wp-content\/uploads\/2025\/07\/panificio-antico-forno-carbe-Belvedere-SR-030--300x251.webp 300w, https:\/\/soluzioneglobale.net\/carbe25\/wp-content\/uploads\/2025\/07\/panificio-antico-forno-carbe-Belvedere-SR-030--768x644.webp 768w, https:\/\/soluzioneglobale.net\/carbe25\/wp-content\/uploads\/2025\/07\/panificio-antico-forno-carbe-Belvedere-SR-030--600x503.webp 600w\" sizes=\"(max-width: 940px) 100vw, 940px\" \/><\/a>\n\t\t\t<\/div><\/figure>\n\t\t<\/div>\n\t\t<\/div>\n\t\t\t\t\t\t<\/div>\n\t\t\t\t<\/div>\n\t\t<div class=\"elementor-element elementor-element-e4cd48d e-con-full e-flex e-con e-child\" data-id=\"e4cd48d\" data-element_type=\"container\">\n\t\t<div class=\"elementor-element elementor-element-2dd0a9e e-con-full e-flex e-con e-child\" data-id=\"2dd0a9e\" data-element_type=\"container\">\n\t\t\t\t<div class=\"elementor-element elementor-element-376e3df elementor-widget elementor-widget-heading\" data-id=\"376e3df\" data-element_type=\"widget\" data-widget_type=\"heading.default\">\n\t\t\t\t<div class=\"elementor-widget-container\">\n\t\t\t\t\t<h6 class=\"elementor-heading-title elementor-size-default\">grissini<\/h6>\t\t\t\t<\/div>\n\t\t\t\t<\/div>\n\t\t\t\t<\/div>\n\t\t<div class=\"elementor-element elementor-element-a9c5396 e-con-full e-flex e-con e-child\" data-id=\"a9c5396\" data-element_type=\"container\">\n\t\t\t\t<div class=\"elementor-element elementor-element-fa697a4 elementor-widget elementor-widget-text-editor\" data-id=\"fa697a4\" data-element_type=\"widget\" data-widget_type=\"text-editor.default\">\n\t\t\t\t<div class=\"elementor-widget-container\">\n\t\t\t\t\t\t\t\t\t<p>Semplici e gustosi, prodotti con ingredienti genuini, 100% di origine siciliana. I grissini Carb\u00e8, disponibili all\u2019olio di oliva o con impasto di farina integrale, sono perfetti per accompagnare piatti succulenti o per genuini spuntini fuoripasto.<\/p>\t\t\t\t\t\t\t\t<\/div>\n\t\t\t\t<\/div>\n\t\t\t\t<\/div>\n\t\t\t\t<\/div>\n\t\t\t\t<div class=\"elementor-element elementor-element-419c91b gallery-spacing-custom elementor-widget elementor-widget-image-gallery\" data-id=\"419c91b\" data-element_type=\"widget\" data-widget_type=\"image-gallery.default\">\n\t\t\t\t<div class=\"elementor-widget-container\">\n\t\t\t\t\t\t\t<div class=\"elementor-image-gallery\">\n\t\t\t<div id='gallery-2' class='gallery galleryid-1520 gallery-columns-3 gallery-size-full'><figure class='gallery-item'>\n\t\t\t<div class='gallery-icon landscape'>\n\t\t\t\t<a data-elementor-open-lightbox=\"yes\" data-elementor-lightbox-slideshow=\"419c91b\" data-elementor-lightbox-title=\"panificio antico forno carb\u00e8 - Belvedere (SR) 035\" data-e-action-hash=\"#elementor-action%3Aaction%3Dlightbox%26settings%3DeyJpZCI6MTQ0OCwidXJsIjoiaHR0cHM6XC9cL3NvbHV6aW9uZWdsb2JhbGUubmV0XC9jYXJiZTI1XC93cC1jb250ZW50XC91cGxvYWRzXC8yMDI1XC8wNFwvcGFuaWZpY2lvLWFudGljby1mb3Juby1jYXJiZS1CZWx2ZWRlcmUtU1ItMDM1LTEucG5nIiwic2xpZGVzaG93IjoiNDE5YzkxYiJ9\" href='https:\/\/soluzioneglobale.net\/carbe25\/wp-content\/uploads\/2025\/04\/panificio-antico-forno-carbe-Belvedere-SR-035-1.png'><img loading=\"lazy\" decoding=\"async\" width=\"940\" height=\"788\" src=\"https:\/\/soluzioneglobale.net\/carbe25\/wp-content\/uploads\/2025\/04\/panificio-antico-forno-carbe-Belvedere-SR-035-1.png\" class=\"attachment-full size-full\" alt=\"panificio antico forno carb\u00e8 &#8211; Belvedere (SR) 035\" srcset=\"https:\/\/soluzioneglobale.net\/carbe25\/wp-content\/uploads\/2025\/04\/panificio-antico-forno-carbe-Belvedere-SR-035-1.png 940w, https:\/\/soluzioneglobale.net\/carbe25\/wp-content\/uploads\/2025\/04\/panificio-antico-forno-carbe-Belvedere-SR-035-1-300x251.png 300w, https:\/\/soluzioneglobale.net\/carbe25\/wp-content\/uploads\/2025\/04\/panificio-antico-forno-carbe-Belvedere-SR-035-1-768x644.png 768w, https:\/\/soluzioneglobale.net\/carbe25\/wp-content\/uploads\/2025\/04\/panificio-antico-forno-carbe-Belvedere-SR-035-1-600x503.png 600w\" sizes=\"(max-width: 940px) 100vw, 940px\" \/><\/a>\n\t\t\t<\/div><\/figure><figure class='gallery-item'>\n\t\t\t<div class='gallery-icon landscape'>\n\t\t\t\t<a data-elementor-open-lightbox=\"yes\" data-elementor-lightbox-slideshow=\"419c91b\" data-elementor-lightbox-title=\"carb\u00e8 curri curri - Belvedere (SR) 025\" data-e-action-hash=\"#elementor-action%3Aaction%3Dlightbox%26settings%3DeyJpZCI6MTQ5MiwidXJsIjoiaHR0cHM6XC9cL3NvbHV6aW9uZWdsb2JhbGUubmV0XC9jYXJiZTI1XC93cC1jb250ZW50XC91cGxvYWRzXC8yMDI1XC8wNFwvY2FyYmUtY3VycmktY3VycmktQmVsdmVkZXJlLVNSLTAyNS5qcGciLCJzbGlkZXNob3ciOiI0MTljOTFiIn0%3D\" href='https:\/\/soluzioneglobale.net\/carbe25\/wp-content\/uploads\/2025\/04\/carbe-curri-curri-Belvedere-SR-025.jpg'><img loading=\"lazy\" decoding=\"async\" width=\"940\" height=\"788\" src=\"https:\/\/soluzioneglobale.net\/carbe25\/wp-content\/uploads\/2025\/04\/carbe-curri-curri-Belvedere-SR-025.jpg\" class=\"attachment-full size-full\" alt=\"carb\u00e8 curri curri &#8211; Belvedere (SR) 025\" srcset=\"https:\/\/soluzioneglobale.net\/carbe25\/wp-content\/uploads\/2025\/04\/carbe-curri-curri-Belvedere-SR-025.jpg 940w, https:\/\/soluzioneglobale.net\/carbe25\/wp-content\/uploads\/2025\/04\/carbe-curri-curri-Belvedere-SR-025-300x251.jpg 300w, https:\/\/soluzioneglobale.net\/carbe25\/wp-content\/uploads\/2025\/04\/carbe-curri-curri-Belvedere-SR-025-768x644.jpg 768w, https:\/\/soluzioneglobale.net\/carbe25\/wp-content\/uploads\/2025\/04\/carbe-curri-curri-Belvedere-SR-025-600x503.jpg 600w\" sizes=\"(max-width: 940px) 100vw, 940px\" \/><\/a>\n\t\t\t<\/div><\/figure><figure class='gallery-item'>\n\t\t\t<div class='gallery-icon landscape'>\n\t\t\t\t<a data-elementor-open-lightbox=\"yes\" data-elementor-lightbox-slideshow=\"419c91b\" data-elementor-lightbox-title=\"panificio antico forno carb\u00e8 - Belvedere (SR) 033\" data-e-action-hash=\"#elementor-action%3Aaction%3Dlightbox%26settings%3DeyJpZCI6MTQ0NiwidXJsIjoiaHR0cHM6XC9cL3NvbHV6aW9uZWdsb2JhbGUubmV0XC9jYXJiZTI1XC93cC1jb250ZW50XC91cGxvYWRzXC8yMDI1XC8wNFwvcGFuaWZpY2lvLWFudGljby1mb3Juby1jYXJiZS1CZWx2ZWRlcmUtU1ItMDMzLTEucG5nIiwic2xpZGVzaG93IjoiNDE5YzkxYiJ9\" href='https:\/\/soluzioneglobale.net\/carbe25\/wp-content\/uploads\/2025\/04\/panificio-antico-forno-carbe-Belvedere-SR-033-1.png'><img loading=\"lazy\" decoding=\"async\" width=\"940\" height=\"788\" src=\"https:\/\/soluzioneglobale.net\/carbe25\/wp-content\/uploads\/2025\/04\/panificio-antico-forno-carbe-Belvedere-SR-033-1.png\" class=\"attachment-full size-full\" alt=\"panificio antico forno carb\u00e8 &#8211; Belvedere (SR) 033\" srcset=\"https:\/\/soluzioneglobale.net\/carbe25\/wp-content\/uploads\/2025\/04\/panificio-antico-forno-carbe-Belvedere-SR-033-1.png 940w, https:\/\/soluzioneglobale.net\/carbe25\/wp-content\/uploads\/2025\/04\/panificio-antico-forno-carbe-Belvedere-SR-033-1-300x251.png 300w, https:\/\/soluzioneglobale.net\/carbe25\/wp-content\/uploads\/2025\/04\/panificio-antico-forno-carbe-Belvedere-SR-033-1-768x644.png 768w, https:\/\/soluzioneglobale.net\/carbe25\/wp-content\/uploads\/2025\/04\/panificio-antico-forno-carbe-Belvedere-SR-033-1-600x503.png 600w\" sizes=\"(max-width: 940px) 100vw, 940px\" \/><\/a>\n\t\t\t<\/div><\/figure>\n\t\t<\/div>\n\t\t<\/div>\n\t\t\t\t\t\t<\/div>\n\t\t\t\t<\/div>\n\t\t<div class=\"elementor-element elementor-element-827c399 e-con-full e-flex e-con e-child\" data-id=\"827c399\" data-element_type=\"container\">\n\t\t<div class=\"elementor-element elementor-element-8d5dfa7 e-con-full e-flex e-con e-child\" data-id=\"8d5dfa7\" data-element_type=\"container\">\n\t\t\t\t<div class=\"elementor-element elementor-element-dafffba elementor-widget elementor-widget-heading\" data-id=\"dafffba\" data-element_type=\"widget\" data-widget_type=\"heading.default\">\n\t\t\t\t<div class=\"elementor-widget-container\">\n\t\t\t\t\t<h6 class=\"elementor-heading-title elementor-size-default\">RUSTICI\/TAVOLA CALDA<\/h6>\t\t\t\t<\/div>\n\t\t\t\t<\/div>\n\t\t\t\t<\/div>\n\t\t<div class=\"elementor-element elementor-element-3d3066d e-con-full e-flex e-con e-child\" data-id=\"3d3066d\" data-element_type=\"container\">\n\t\t\t\t<div class=\"elementor-element elementor-element-8843b4d elementor-widget elementor-widget-text-editor\" data-id=\"8843b4d\" data-element_type=\"widget\" data-widget_type=\"text-editor.default\">\n\t\t\t\t<div class=\"elementor-widget-container\">\n\t\t\t\t\t\t\t\t\t<p>Carb\u00e8 \u00e8 anche tavola calda. Ogni giorno per un pasto sfizioso e veloce ma sempre saporito, il forno Carb\u00e8 offre tantissime gustose ricette dello street food tradizionale siciliano. Pizzette, arancini, focacce cipolline, impanate, scacciate e tantissime altre succulenti proposte.<\/p>\t\t\t\t\t\t\t\t<\/div>\n\t\t\t\t<\/div>\n\t\t\t\t<\/div>\n\t\t\t\t<\/div>\n\t\t\t\t<\/div>\n\t\t\t\t\t<\/div>\n\t\t\t\t<\/div>\n\t\t\t\t<\/div>\n\t\t","protected":false},"excerpt":{"rendered":"<p>Bont\u00e0 salate Sfiziose bont\u00e0 Il forno Carb\u00e8 non \u00e8 solo pane. Per chi non vuole rinunciare ad uno spuntino salato e per gli amanti dello street food siciliano, Carb\u00e8 offre, ogni giorno, tante sfiziose bont\u00e0 salate, come i grissini all\u2019olio extravergine d\u2019oliva e integrali, e ancora una ricchissima tavola calda con buonissimi prodotti da forno [&hellip;]<\/p>\n","protected":false},"author":1,"featured_media":0,"parent":0,"menu_order":0,"comment_status":"closed","ping_status":"closed","template":"","meta":{"site-sidebar-layout":"no-sidebar","site-content-layout":"page-builder","ast-site-content-layout":"","site-content-style":"default","site-sidebar-style":"default","ast-global-header-display":"","ast-banner-title-visibility":"","ast-main-header-display":"","ast-hfb-above-header-display":"","ast-hfb-below-header-display":"","ast-hfb-mobile-header-display":"","site-post-title":"disabled","ast-breadcrumbs-content":"disabled","ast-featured-img":"disabled","footer-sml-layout":"","theme-transparent-header-meta":"default","adv-header-id-meta":"","stick-header-meta":"","header-above-stick-meta":"","header-main-stick-meta":"","header-below-stick-meta":"","astra-migrate-meta-layouts":"default","ast-page-background-enabled":"default","ast-page-background-meta":{"desktop":{"background-color":"var(--ast-global-color-4)","background-image":"","background-repeat":"repeat","background-position":"center center","background-size":"auto","background-attachment":"scroll","background-type":"","background-media":"","overlay-type":"","overlay-color":"","overlay-opacity":"","overlay-gradient":""},"tablet":{"background-color":"","background-image":"","background-repeat":"repeat","background-position":"center center","background-size":"auto","background-attachment":"scroll","background-type":"","background-media":"","overlay-type":"","overlay-color":"","overlay-opacity":"","overlay-gradient":""},"mobile":{"background-color":"","background-image":"","background-repeat":"repeat","background-position":"center center","background-size":"auto","background-attachment":"scroll","background-type":"","background-media":"","overlay-type":"","overlay-color":"","overlay-opacity":"","overlay-gradient":""}},"ast-content-background-meta":{"desktop":{"background-color":"var(--ast-global-color-5)","background-image":"","background-repeat":"repeat","background-position":"center center","background-size":"auto","background-attachment":"scroll","background-type":"","background-media":"","overlay-type":"","overlay-color":"","overlay-opacity":"","overlay-gradient":""},"tablet":{"background-color":"var(--ast-global-color-5)","background-image":"","background-repeat":"repeat","background-position":"center center","background-size":"auto","background-attachment":"scroll","background-type":"","background-media":"","overlay-type":"","overlay-color":"","overlay-opacity":"","overlay-gradient":""},"mobile":{"background-color":"var(--ast-global-color-5)","background-image":"","background-repeat":"repeat","background-position":"center center","background-size":"auto","background-attachment":"scroll","background-type":"","background-media":"","overlay-type":"","overlay-color":"","overlay-opacity":"","overlay-gradient":""}},"footnotes":""},"class_list":["post-1520","page","type-page","status-publish","hentry"],"_links":{"self":[{"href":"https:\/\/soluzioneglobale.net\/carbe25\/wp-json\/wp\/v2\/pages\/1520","targetHints":{"allow":["GET"]}}],"collection":[{"href":"https:\/\/soluzioneglobale.net\/carbe25\/wp-json\/wp\/v2\/pages"}],"about":[{"href":"https:\/\/soluzioneglobale.net\/carbe25\/wp-json\/wp\/v2\/types\/page"}],"author":[{"embeddable":true,"href":"https:\/\/soluzioneglobale.net\/carbe25\/wp-json\/wp\/v2\/users\/1"}],"replies":[{"embeddable":true,"href":"https:\/\/soluzioneglobale.net\/carbe25\/wp-json\/wp\/v2\/comments?post=1520"}],"version-history":[{"count":10,"href":"https:\/\/soluzioneglobale.net\/carbe25\/wp-json\/wp\/v2\/pages\/1520\/revisions"}],"predecessor-version":[{"id":1950,"href":"https:\/\/soluzioneglobale.net\/carbe25\/wp-json\/wp\/v2\/pages\/1520\/revisions\/1950"}],"wp:attachment":[{"href":"https:\/\/soluzioneglobale.net\/carbe25\/wp-json\/wp\/v2\/media?parent=1520"}],"curies":[{"name":"wp","href":"https:\/\/api.w.org\/{rel}","templated":true}]}}